{"id":2740,"date":"2026-02-20T14:03:15","date_gmt":"2026-02-20T13:03:15","guid":{"rendered":"https:\/\/urlaub-holnis.de\/om-os\/"},"modified":"2026-03-13T17:28:20","modified_gmt":"2026-03-13T16:28:20","slug":"om-os","status":"publish","type":"page","link":"https:\/\/urlaub-holnis.de\/da\/om-os\/","title":{"rendered":"Om os"},"content":{"rendered":"\t\t<div data-elementor-type=\"wp-page\" data-elementor-id=\"2740\" class=\"elementor elementor-2740 elementor-2468\">\n\t\t\t\t\t\t<section class=\"elementor-section elementor-top-section elementor-element elementor-element-fae851d elementor-section-boxed elementor-section-height-default elementor-section-height-default\" data-id=\"fae851d\" data-element_type=\"section\" data-e-type=\"section\">\n\t\t\t\t\t\t<div class=\"elementor-container elementor-column-gap-default\">\n\t\t\t\t\t<div class=\"elementor-column elementor-col-50 elementor-top-column elementor-element elementor-element-2e5374a\" data-id=\"2e5374a\" data-element_type=\"column\" data-e-type=\"column\">\n\t\t\t<div class=\"elementor-widget-wrap elementor-element-populated\">\n\t\t\t\t\t\t<div class=\"elementor-element elementor-element-4031e57 elementor-widget elementor-widget-text-editor\" data-id=\"4031e57\" data-element_type=\"widget\" data-e-type=\"widget\" data-widget_type=\"text-editor.default\">\n\t\t\t\t<div class=\"elementor-widget-container\">\n\t\t\t\t\t\t\t\t\t<p><strong>Personligt. N\u00e6rv\u00e6rende. Med hjertet p\u00e5 Holnis.<\/strong><\/p><p>Hjerteligt velkommen til <strong>feriehuse &amp; lejligheder Selck<\/strong> p\u00e5 den smukke halv\u00f8 Holnis ved Gl\u00fccksburg.<\/p><p> <\/p><p>Mit navn er <strong>Rainer Selck<\/strong>, og jeg gl\u00e6der mig meget til at byde dig velkommen som min g\u00e6st.<\/p><p>Jeg udlejer med stort engagement to feriehuse og to ferielejligheder i den rolige ferieby ved Dreibogen i 24960 Holnis \u2013 kun ca. 100\u2013300 meter fra den fine sandstrand ved \u00d8sters\u00f8en.<\/p><p>N\u00e5r vinden er rigtig, kan du endda h\u00f8re havets brusen.<\/p><p>Vores boliger har ganske vist ikke direkte havudsigt, men til geng\u00e6ld noget, som mange g\u00e6ster s\u00e6tter endnu st\u00f8rre pris p\u00e5:<br>en naturn\u00e6r, beskyttet beliggenhed i en charmerende ferieby med sm\u00e5 tr\u00e6huse i dansk stil \u2013 roligt, afstressende og langt v\u00e6k fra masseturismen.<\/p><p> <\/p><p><strong>Hvorfor Holnis?<\/strong><\/p><p>Holnis er et helt s\u00e6rligt sted for mig.<\/p><p>Her er \u00d8sters\u00f8en vid og klar.<br>Her er strandene ikke overfyldte.<br>Her kan man virkelig tr\u00e6kke vejret dybt.<\/p><p>Den fine sandstrand er s\u00e6rligt b\u00f8rnevenlig, da vandet forbliver lavt langt ud. Et stykke l\u00e6ngere henne ligger hundestranden \u2013 firbenede g\u00e6ster er ogs\u00e5 hjerteligt velkomne efter aftale.<\/p><p>Mange af mine g\u00e6ster siger til mig efter deres ophold:<br>\u201dHer kunne jeg endelig komme helt ned i gear.\u201d<\/p><p>Det er pr\u00e6cis det, jeg str\u00e6ber efter.<\/p><p> <\/p><p><strong>Kvalitet, man kan m\u00e6rke \u2013 ogs\u00e5 om vinteren<\/strong><\/p><p>For mig var det vigtigt fra starten ikke kun at tilbyde \u201dsommerboliger\u201d.<\/p><p>Derfor har jeg f\u00e5et husene isoleret i h\u00f8j kvalitet og gjort dem fuldst\u00e6ndig vinterklare. Moderne varmepumper, god isolering og gennemt\u00e6nkt udstyr s\u00f8rger for, at du f\u00f8ler dig godt tilpas p\u00e5 alle tider af \u00e5ret.<\/p><p>Is\u00e6r om vinteren viser Holnis sin helt s\u00e6rlige karakter:<\/p><p>Tomme strande.<br>Klar luft.<br>Vide horisonter.<br>En ferieby, som du n\u00e6sten har for dig selv.<\/p><p>Mange g\u00e6ster bruger bevidst denne tid p\u00e5 en rolig pause, lange g\u00e5ture eller et par dages hjemmekontor ved havet.<\/p><p>Vinter p\u00e5 Holnis er ikke en n\u00f8dl\u00f8sning \u2013<br>det er et insidertip.<\/p><p> <\/p><p><strong>Personligt i stedet for anonymt<\/strong><\/p><p>Jeg l\u00e6gger stor v\u00e6gt p\u00e5 direkte kontakt og personlig betjening.<br>Hvis du har sp\u00f8rgsm\u00e5l eller s\u00e6rlige \u00f8nsker, st\u00e5r jeg gerne til r\u00e5dighed.<\/p><p>Intet anonymt bureau.<br>Ingen komplicerede processer.<br>Men derimod \u00e6gte g\u00e6stfrihed.<\/p><p> <\/p><p><strong>Hvem er vores boliger ideelle til?<\/strong><\/p><p>Til folk, der \u2026<\/p><ul><li>s\u00f8ger ro<\/li><li>elsker natur<\/li><li>s\u00e6tter pris p\u00e5 kvalitet<\/li><li>bevidst \u00f8nsker at koble af<\/li><li>foretr\u00e6kker hav frem for stress og jag<\/li><\/ul><p>Uanset om det er sommer eller vinter \u2013 Holnis er et sted til \u00e6gte afslapning.<\/p><p>Jeg gl\u00e6der mig meget til snart at byde dig personligt velkommen.<\/p><p>Du er altid velkommen til at kontakte mig. \ud83d\ude09<\/p><p>De bedste hilsner<\/p><p><strong>Din v\u00e6rt<\/strong><br>Rainer Selck<\/p>\t\t\t\t\t\t\t\t<\/div>\n\t\t\t\t<\/div>\n\t\t\t\t\t<\/div>\n\t\t<\/div>\n\t\t\t\t<div class=\"elementor-column elementor-col-50 elementor-top-column elementor-element elementor-element-87ddfc2\" data-id=\"87ddfc2\" data-element_type=\"column\" data-e-type=\"column\">\n\t\t\t<div class=\"elementor-widget-wrap elementor-element-populated\">\n\t\t\t\t\t\t<div class=\"elementor-element elementor-element-cd68e2f elementor-widget elementor-widget-image\" data-id=\"cd68e2f\" data-element_type=\"widget\" data-e-type=\"widget\" data-widget_type=\"image.default\">\n\t\t\t\t<div class=\"elementor-widget-container\">\n\t\t\t\t\t\t\t\t\t\t\t\t\t\t\t<img fetchpriority=\"high\" decoding=\"async\" width=\"733\" height=\"1024\" src=\"https:\/\/urlaub-holnis.de\/wp-content\/uploads\/2026\/02\/IMG_7086-Kopie.PNG-verkleinert-733x1024.png\" class=\"attachment-large size-large wp-image-2739\" alt=\"\" srcset=\"https:\/\/urlaub-holnis.de\/wp-content\/uploads\/2026\/02\/IMG_7086-Kopie.PNG-verkleinert-733x1024.png 733w, https:\/\/urlaub-holnis.de\/wp-content\/uploads\/2026\/02\/IMG_7086-Kopie.PNG-verkleinert-358x500.png 358w, https:\/\/urlaub-holnis.de\/wp-content\/uploads\/2026\/02\/IMG_7086-Kopie.PNG-verkleinert-768x1073.png 768w, https:\/\/urlaub-holnis.de\/wp-content\/uploads\/2026\/02\/IMG_7086-Kopie.PNG-verkleinert-1099x1536.png 1099w, https:\/\/urlaub-holnis.de\/wp-content\/uploads\/2026\/02\/IMG_7086-Kopie.PNG-verkleinert-1200x1677.png 1200w, https:\/\/urlaub-holnis.de\/wp-content\/uploads\/2026\/02\/IMG_7086-Kopie.PNG-verkleinert.png 1284w\" sizes=\"(max-width: 733px) 85vw, 733px\" \/>\t\t\t\t\t\t\t\t\t\t\t\t\t\t\t<\/div>\n\t\t\t\t<\/div>\n\t\t\t\t\t<\/div>\n\t\t<\/div>\n\t\t\t\t\t<\/div>\n\t\t<\/section>\n\t\t\t\t<\/div>\n\t\t","protected":false},"excerpt":{"rendered":"<p>Personligt. N\u00e6rv\u00e6rende. Med hjertet p\u00e5 Holnis. Hjerteligt velkommen til feriehuse &amp; lejligheder Selck p\u00e5 den smukke halv\u00f8 Holnis ved Gl\u00fccksburg. Mit navn er Rainer Selck, og jeg gl\u00e6der mig meget til at byde dig velkommen som min g\u00e6st. Jeg udlejer med stort engagement to feriehuse og to ferielejligheder i den rolige ferieby ved Dreibogen i &hellip; <a href=\"https:\/\/urlaub-holnis.de\/da\/om-os\/\" class=\"more-link\">Continue reading<span class=\"screen-reader-text\"> &#8220;Om os&#8221;<\/span><\/a><\/p>\n","protected":false},"author":1,"featured_media":0,"parent":0,"menu_order":0,"comment_status":"closed","ping_status":"closed","template":"","meta":{"footnotes":""},"class_list":["post-2740","page","type-page","status-publish","hentry"],"_links":{"self":[{"href":"https:\/\/urlaub-holnis.de\/da\/wp-json\/wp\/v2\/pages\/2740","targetHints":{"allow":["GET"]}}],"collection":[{"href":"https:\/\/urlaub-holnis.de\/da\/wp-json\/wp\/v2\/pages"}],"about":[{"href":"https:\/\/urlaub-holnis.de\/da\/wp-json\/wp\/v2\/types\/page"}],"author":[{"embeddable":true,"href":"https:\/\/urlaub-holnis.de\/da\/wp-json\/wp\/v2\/users\/1"}],"replies":[{"embeddable":true,"href":"https:\/\/urlaub-holnis.de\/da\/wp-json\/wp\/v2\/comments?post=2740"}],"version-history":[{"count":3,"href":"https:\/\/urlaub-holnis.de\/da\/wp-json\/wp\/v2\/pages\/2740\/revisions"}],"predecessor-version":[{"id":2744,"href":"https:\/\/urlaub-holnis.de\/da\/wp-json\/wp\/v2\/pages\/2740\/revisions\/2744"}],"wp:attachment":[{"href":"https:\/\/urlaub-holnis.de\/da\/wp-json\/wp\/v2\/media?parent=2740"}],"curies":[{"name":"wp","href":"https:\/\/api.w.org\/{rel}","templated":true}]}}