{"id":2767,"date":"2026-03-05T12:18:36","date_gmt":"2026-03-05T11:18:36","guid":{"rendered":"https:\/\/urlaub-holnis.de\/husorden\/"},"modified":"2026-03-13T17:34:34","modified_gmt":"2026-03-13T16:34:34","slug":"husorden","status":"publish","type":"page","link":"https:\/\/urlaub-holnis.de\/da\/husorden\/","title":{"rendered":"Husorden"},"content":{"rendered":"\t\t<div data-elementor-type=\"wp-page\" data-elementor-id=\"2767\" class=\"elementor elementor-2767 elementor-2410\">\n\t\t\t\t\t\t<section class=\"elementor-section elementor-top-section elementor-element elementor-element-38cceb93 elementor-section-boxed elementor-section-height-default elementor-section-height-default\" data-id=\"38cceb93\" data-element_type=\"section\" data-e-type=\"section\">\n\t\t\t\t\t\t<div class=\"elementor-container elementor-column-gap-default\">\n\t\t\t\t\t<div class=\"elementor-column elementor-col-100 elementor-top-column elementor-element elementor-element-1fce0ba8\" data-id=\"1fce0ba8\" data-element_type=\"column\" data-e-type=\"column\">\n\t\t\t<div class=\"elementor-widget-wrap elementor-element-populated\">\n\t\t\t\t\t\t<div class=\"elementor-element elementor-element-18308c95 elementor-widget elementor-widget-text-editor\" data-id=\"18308c95\" data-element_type=\"widget\" data-e-type=\"widget\" data-widget_type=\"text-editor.default\">\n\t\t\t\t<div class=\"elementor-widget-container\">\n\t\t\t\t\t\t\t\t\t<p><strong><img decoding=\"async\" class=\"emoji\" role=\"img\" draggable=\"false\" src=\"https:\/\/s.w.org\/images\/core\/emoji\/16.0.1\/svg\/1f3e1.svg\" alt=\"\ud83c\udfe1\"><\/strong> <strong> Husorden <\/strong><strong>for feriehuse &amp; ferielejligheder<\/strong><\/p>\n<p> <\/p>\n<p>K\u00e6re g\u00e6ster,<br>vi gl\u00e6der os til at byde jer velkommen i vores ferieboliger.<br>Nedenst\u00e5ende husorden er en del af lejekontrakten. Ved booking accepterer I den som bindende. <\/p>\n<p>Ankomst er f\u00f8rst mulig fra kl. 16.00. Afrejse senest kl. 10.00. Andre aftaler er mulige.  <\/p>\n<p> <\/p>\n<p> <\/p>\n<p><strong><img decoding=\"async\" class=\"emoji\" role=\"img\" draggable=\"false\" src=\"https:\/\/s.w.org\/images\/core\/emoji\/16.0.1\/svg\/1f6ad.svg\" alt=\"\ud83d\udead\"><\/strong><strong>  1. Regler for ikke-rygere<\/strong><\/p>\n<p>Rygning er forbudt i alle indend\u00f8rs omr\u00e5der.<\/p>\n<p>Rygning er kun tilladt udend\u00f8rs.<\/p>\n<p>Brug venligst de opstillede askeb\u00e6gre.<\/p>\n<p>Ved overtr\u00e6delse forbeholder vi os retten til at opkr\u00e6ve et ekstra reng\u00f8ringsgebyr.<\/p>\n<p> <\/p>\n<p> <\/p>\n<p><strong><img decoding=\"async\" class=\"emoji\" role=\"img\" draggable=\"false\" src=\"https:\/\/s.w.org\/images\/core\/emoji\/16.0.1\/svg\/1f43e.svg\" alt=\"\ud83d\udc3e\"><\/strong><strong>  2. K\u00e6ledyr<\/strong><\/p>\n<p>K\u00e6ledyr er kun tilladt efter forudg\u00e5ende skriftlig godkendelse fra udlejer. Der er ingen ret til godkendelse. <\/p>\n<p>Dyr m\u00e5 ikke efterlades uden opsyn i boligen.<\/p>\n<p>Efterladenskaber skal fjernes fuldst\u00e6ndigt.<\/p>\n<p>G\u00e6sten h\u00e6fter fuldt ud for skader for\u00e5rsaget af dyr.<\/p>\n<p> <\/p>\n<p> <\/p>\n<p><strong><img decoding=\"async\" class=\"emoji\" role=\"img\" draggable=\"false\" src=\"https:\/\/s.w.org\/images\/core\/emoji\/16.0.1\/svg\/1f512.svg\" alt=\"\ud83d\udd12\"><\/strong><strong>  3. Sikkerhed &amp; pligt til omhu<\/strong><\/p>\n<p>D\u00f8re og vinduer skal altid lukkes, n\u00e5r du forlader boligen.<\/p>\n<p>\u00c5ben ild (f.eks. stearinlys, ildsteder) er forbudt indend\u00f8rs.<\/p>\n<p>Elektriske apparater skal slukkes, n\u00e5r de ikke er i brug.<\/p>\n<p>Elskabet til afl\u00e6sning af elforbrug findes i teknikrummet til h\u00f8jre for hovedindgangen.<\/p>\n<p>G\u00e6sten h\u00e6fter for skader, der opst\u00e5r ved forkert brug.<\/p>\n<p> <\/p>\n<p> <\/p>\n<p><strong><img decoding=\"async\" class=\"emoji\" role=\"img\" draggable=\"false\" src=\"https:\/\/s.w.org\/images\/core\/emoji\/16.0.1\/svg\/1f3b5.svg\" alt=\"\ud83c\udfb5\"><\/strong><strong>  4. Ro-tider &amp; hensyn<\/strong><\/p>\n<p>De lovpligtige ro-tider fra kl. 22:00 til 07:00 skal overholdes.<\/p>\n<p>H\u00f8j musik, fester eller arrangementer er ikke tilladt.<\/p>\n<p>Det maksimale antal personer if\u00f8lge bookingbekr\u00e6ftelsen m\u00e5 ikke overskrides.<\/p>\n<p>Ved v\u00e6sentlige overtr\u00e6delser forbeholder vi os retten til at oph\u00e6ve lejem\u00e5let med \u00f8jeblikkelig virkning uden tilbagebetaling.<\/p>\n<p> <\/p>\n<p> <\/p>\n<p><strong><img decoding=\"async\" class=\"emoji\" role=\"img\" draggable=\"false\" src=\"https:\/\/s.w.org\/images\/core\/emoji\/16.0.1\/svg\/1f5d1.svg\" alt=\"\ud83d\uddd1\"><\/strong><strong>\ufe0f 5. Affald &amp; genbrug <\/strong><\/p>\n<p>Affald skal sorteres i henhold til lokale regler (restaffald, papir, glas, plast).<\/p>\n<p>Bortskaffelse sker i de dertil indrettede beholdere.<\/p>\n<p>Ved manglende overholdelse kan der opkr\u00e6ves et ekstra bortskaffelsesgebyr.<\/p>\n<p> <\/p>\n<p> <\/p>\n<p><strong><img decoding=\"async\" class=\"emoji\" role=\"img\" draggable=\"false\" src=\"https:\/\/s.w.org\/images\/core\/emoji\/16.0.1\/svg\/1f5dd.svg\" alt=\"\ud83d\udddd\"><\/strong><strong>\ufe0f 6. N\u00f8gler &amp; adgang <\/strong><\/p>\n<p>Adgang sker via en n\u00f8gleboks.<\/p>\n<p>Adgangskoden sendes p\u00e5 ankomstdagen via e-mail eller SMS.<\/p>\n<p>Ved afrejse skal n\u00f8glen l\u00e6gges korrekt tilbage i n\u00f8gleboksen.<\/p>\n<p>Ved bortkomst af en n\u00f8gle opkr\u00e6ves et fast gebyr p\u00e5 120,00 \u20ac.<br>Da det af sikkerhedsm\u00e6ssige \u00e5rsager er n\u00f8dvendigt at udskifte de 2 l\u00e5sesystemer.  <\/p>\n<p> <\/p>\n<p><strong><img decoding=\"async\" class=\"emoji\" role=\"img\" draggable=\"false\" src=\"https:\/\/s.w.org\/images\/core\/emoji\/16.0.1\/svg\/1f9f9.svg\" alt=\"\ud83e\uddf9\"><\/strong><strong>  7. Reng\u00f8ring &amp; stand ved afrejse<\/strong><\/p>\n<p>Boligen skal efterlades fejet ren.<\/p>\n<p>Service skal v\u00e6re vasket op og sat p\u00e5 plads.<\/p>\n<p>Affald skal bortskaffes.<\/p>\n<p>M\u00f8bler skal stilles tilbage p\u00e5 deres oprindelige plads.<\/p>\n<p>Ved us\u00e6dvanlig tilsmudsning eller hvis boligen ikke efterlades i kontraktm\u00e6ssig stand, forbeholder vi os retten til at opkr\u00e6ve ekstra reng\u00f8ring efter faktisk forbrug.<\/p>\n<p> <\/p>\n<p> <\/p>\n<p><strong><img decoding=\"async\" class=\"emoji\" role=\"img\" draggable=\"false\" src=\"https:\/\/s.w.org\/images\/core\/emoji\/16.0.1\/svg\/26a0.svg\" alt=\"\u26a0\ufe0f\"><\/strong><strong>  8. Skader &amp; ansvar<\/strong><\/p>\n<p>G\u00e6sten h\u00e6fter for alle skader, som for\u00e5rsages af ham\/hende selv eller medrejsende.<\/p>\n<p>Skader skal meldes omg\u00e5ende.<\/p>\n<p>Undlades en anmeldelse, kan det f\u00f8re til erstatningskrav.<\/p>\n<p> <\/p>\n<p> <\/p>\n<p><strong><img decoding=\"async\" class=\"emoji\" role=\"img\" draggable=\"false\" src=\"https:\/\/s.w.org\/images\/core\/emoji\/16.0.1\/svg\/1f465.svg\" alt=\"\ud83d\udc65\"><\/strong><strong>  9. Bes\u00f8gende<\/strong><\/p>\n<p>Bes\u00f8gende er kun tilladt efter forudg\u00e5ende aftale.<\/p>\n<p>Overnatning af ikke-tilmeldte personer er ikke tilladt.<\/p>\n<p>Personer, der sover i autocamper, er heller ikke tilladt.<\/p>\n<p> <\/p>\n<p> <\/p>\n<p><strong><img decoding=\"async\" class=\"emoji\" role=\"img\" draggable=\"false\" src=\"https:\/\/s.w.org\/images\/core\/emoji\/16.0.1\/svg\/1f4b6.svg\" alt=\"\ud83d\udcb6\"><\/strong><strong>  10. Turistskat<\/strong><\/p>\n<p>Den lokale turistskat skal betales f\u00f8r ankomst.<\/p>\n<p>Turistkortene sendes f\u00f8r ankomst via e-mail.<\/p>\n<p> <\/p>\n<p> <\/p>\n<p><strong><img decoding=\"async\" class=\"emoji\" role=\"img\" draggable=\"false\" src=\"https:\/\/s.w.org\/images\/core\/emoji\/16.0.1\/svg\/2757.svg\" alt=\"\u2757\"><\/strong><strong>  Generel bem\u00e6rkning<\/strong><\/p>\n<p>Ved alvorlige eller gentagne overtr\u00e6delser af husordenen forbeholder vi os retten til at oph\u00e6ve lejem\u00e5let med \u00f8jeblikkelig virkning. I s\u00e5 fald er der ingen ret til tilbagebetaling. <\/p>\n<p> <\/p>\n<p>Mange tak for jeres forst\u00e5else og hj\u00e6lp.<\/p>\n<p>Vi \u00f8nsker jer et behageligt ophold.<\/p>\n<p><strong>Jeres udlejer<\/strong><br>Rainer Selck<\/p>\n<p><\/p>\t\t\t\t\t\t\t\t<\/div>\n\t\t\t\t<\/div>\n\t\t\t\t\t<\/div>\n\t\t<\/div>\n\t\t\t\t\t<\/div>\n\t\t<\/section>\n\t\t\t\t<\/div>\n\t\t","protected":false},"excerpt":{"rendered":"<p>Husorden for feriehuse &amp; ferielejligheder K\u00e6re g\u00e6ster,vi gl\u00e6der os til at byde jer velkommen i vores ferieboliger.Nedenst\u00e5ende husorden er en del af lejekontrakten. Ved booking accepterer I den som bindende. Ankomst er f\u00f8rst mulig fra kl. 16.00. Afrejse senest kl. 10.00. Andre aftaler er mulige. 1. Regler for ikke-rygere Rygning er forbudt i alle indend\u00f8rs &hellip; <a href=\"https:\/\/urlaub-holnis.de\/da\/husorden\/\" class=\"more-link\">Continue reading<span class=\"screen-reader-text\"> &#8220;Husorden&#8221;<\/span><\/a><\/p>\n","protected":false},"author":1,"featured_media":0,"parent":0,"menu_order":0,"comment_status":"closed","ping_status":"closed","template":"","meta":{"footnotes":""},"class_list":["post-2767","page","type-page","status-publish","hentry"],"_links":{"self":[{"href":"https:\/\/urlaub-holnis.de\/da\/wp-json\/wp\/v2\/pages\/2767","targetHints":{"allow":["GET"]}}],"collection":[{"href":"https:\/\/urlaub-holnis.de\/da\/wp-json\/wp\/v2\/pages"}],"about":[{"href":"https:\/\/urlaub-holnis.de\/da\/wp-json\/wp\/v2\/types\/page"}],"author":[{"embeddable":true,"href":"https:\/\/urlaub-holnis.de\/da\/wp-json\/wp\/v2\/users\/1"}],"replies":[{"embeddable":true,"href":"https:\/\/urlaub-holnis.de\/da\/wp-json\/wp\/v2\/comments?post=2767"}],"version-history":[{"count":1,"href":"https:\/\/urlaub-holnis.de\/da\/wp-json\/wp\/v2\/pages\/2767\/revisions"}],"predecessor-version":[{"id":2769,"href":"https:\/\/urlaub-holnis.de\/da\/wp-json\/wp\/v2\/pages\/2767\/revisions\/2769"}],"wp:attachment":[{"href":"https:\/\/urlaub-holnis.de\/da\/wp-json\/wp\/v2\/media?parent=2767"}],"curies":[{"name":"wp","href":"https:\/\/api.w.org\/{rel}","templated":true}]}}