{"id":2786,"date":"2026-03-13T18:08:43","date_gmt":"2026-03-13T17:08:43","guid":{"rendered":"https:\/\/urlaub-holnis.de\/ferieboliger\/"},"modified":"2026-03-13T18:08:43","modified_gmt":"2026-03-13T17:08:43","slug":"ferieboliger","status":"publish","type":"page","link":"https:\/\/urlaub-holnis.de\/da\/ferieboliger\/","title":{"rendered":"Ferieboliger"},"content":{"rendered":"<div class=\"mphb_sc_rooms-wrapper mphb-room-types \">\n<div class=\"mphb-room-type post-2831 mphb_room_type type-mphb_room_type status-publish mphb-room-type-adults-5 mphb-room-type-children-3 \">\n\n\t\n\t\n\n\t<div class=\"mphb-room-type-images\">\n\t\n\t<\/div>\n\t\n<h2 class=\"mphb-room-type-title entry-title\">\n\n<a class=\"mphb-room-type-title\" href=\"https:\/\/urlaub-holnis.de\/da\/accommodation\/bullerbue\/\">Bullerb\u00fc<\/a>\n\n<\/h2>\n\n<p>Feriehus Bullerb\u00fc \u2013 Dit tilflugtssted ved havet \u2013 T\u00e6t p\u00e5 stranden \u2013 Moderne \u2013 Behageligt roligt. Forestil dig: Du v\u00e5gner, h\u00f8rer havets blide brusen og nyder din f\u00f8rste kaffe p\u00e5 den solrige terrasse. Kun f\u00e5 skridt adskiller dig fra den fine sandstrand p\u00e5 den smukke Holnis-halv\u00f8. Velkommen til Feriehus Bullerb\u00fc \u2013 dit stilfulde tilflugtssted for &hellip; <a href=\"https:\/\/urlaub-holnis.de\/da\/accommodation\/bullerbue\/\" class=\"more-link\">Continue reading<span class=\"screen-reader-text\"> &#8220;Bullerb\u00fc&#8221;<\/span><\/a><\/p>\n\n\n<h3 class=\"mphb-room-type-details-title\">Detaljer<\/h3><ul class=\"mphb-loop-room-type-attributes\">\n\t<li class=\"mphb-room-type-total-capacity\"><span class=\"mphb-attribute-title mphb-total-capacity-title\">G\u00e6ster:<\/span><span class=\"mphb-attribute-value\">\n\t5\n\t<\/span><\/li>\t\n\n\n\n\n\n\n\n\t<li class=\"mphb-room-type-size\"><span class=\"mphb-attribute-title mphb-size-title\">St\u00f8rrelse:<\/span><span class=\"mphb-attribute-value\">\n\t54m\u00b2\n\t<\/span><\/li>\n\t\n\n\n\n<\/ul>\n\n<p class=\"mphb-view-details-button-wrapper\">\n<a class=\"button mphb-view-details-button\" href=\"https:\/\/urlaub-holnis.de\/da\/accommodation\/bullerbue\/\" >Vis detaljer<\/a>\n<\/p>\n<div class=\"mphb-to-book-btn-wrapper\">\n<form action=\"https:\/\/urlaub-holnis.de\/da\/accommodation\/bullerbue\/#booking-form-2831\" method=\"get\" ><button type=\"submit\" class=\"button mphb-book-button\" >Bestil<\/button><\/form>\n<br\/><\/div>\n\t\n<\/div>\n<\/div>\n","protected":false},"excerpt":{"rendered":"","protected":false},"author":1,"featured_media":0,"parent":0,"menu_order":0,"comment_status":"closed","ping_status":"closed","template":"","meta":{"footnotes":""},"class_list":["post-2786","page","type-page","status-publish","hentry"],"_links":{"self":[{"href":"https:\/\/urlaub-holnis.de\/da\/wp-json\/wp\/v2\/pages\/2786","targetHints":{"allow":["GET"]}}],"collection":[{"href":"https:\/\/urlaub-holnis.de\/da\/wp-json\/wp\/v2\/pages"}],"about":[{"href":"https:\/\/urlaub-holnis.de\/da\/wp-json\/wp\/v2\/types\/page"}],"author":[{"embeddable":true,"href":"https:\/\/urlaub-holnis.de\/da\/wp-json\/wp\/v2\/users\/1"}],"replies":[{"embeddable":true,"href":"https:\/\/urlaub-holnis.de\/da\/wp-json\/wp\/v2\/comments?post=2786"}],"version-history":[{"count":0,"href":"https:\/\/urlaub-holnis.de\/da\/wp-json\/wp\/v2\/pages\/2786\/revisions"}],"wp:attachment":[{"href":"https:\/\/urlaub-holnis.de\/da\/wp-json\/wp\/v2\/media?parent=2786"}],"curies":[{"name":"wp","href":"https:\/\/api.w.org\/{rel}","templated":true}]}}