{"id":1924,"date":"2026-02-11T07:20:16","date_gmt":"2026-02-11T07:20:16","guid":{"rendered":"https:\/\/urlaub-holnis.de\/?page_id=1924"},"modified":"2026-03-04T13:40:09","modified_gmt":"2026-03-04T12:40:09","slug":"agb","status":"publish","type":"page","link":"https:\/\/urlaub-holnis.de\/en\/agb\/","title":{"rendered":"AGB"},"content":{"rendered":"\t\t<div data-elementor-type=\"wp-page\" data-elementor-id=\"1924\" class=\"elementor elementor-1924\">\n\t\t\t\t\t\t<section class=\"elementor-section elementor-top-section elementor-element elementor-element-b1d0244 elementor-section-boxed elementor-section-height-default elementor-section-height-default\" data-id=\"b1d0244\" data-element_type=\"section\" data-e-type=\"section\">\n\t\t\t\t\t\t<div class=\"elementor-container elementor-column-gap-default\">\n\t\t\t\t\t<div class=\"elementor-column elementor-col-100 elementor-top-column elementor-element elementor-element-68e0946\" data-id=\"68e0946\" data-element_type=\"column\" data-e-type=\"column\">\n\t\t\t<div class=\"elementor-widget-wrap elementor-element-populated\">\n\t\t\t\t\t\t<div class=\"elementor-element elementor-element-aa9b00f elementor-widget elementor-widget-text-editor\" data-id=\"aa9b00f\" data-element_type=\"widget\" data-e-type=\"widget\" data-widget_type=\"text-editor.default\">\n\t\t\t\t<div class=\"elementor-widget-container\">\n\t\t\t\t\t\t\t\t\t<p>\u00a0<span class=\"fontstyle0\"><b>Allgemeine Gesch\u00e4ftsbedingungen (AGB)<\/b> <\/span><span class=\"fontstyle2\">f\u00fcr die Vermietung von Ferienh\u00e4usern und Ferienwohnungen von <\/span><span class=\"fontstyle0\"><b>Rainer Selck<\/b><\/span><\/p><p><span class=\"fontstyle0\">\u00a0<\/span><\/p><p><span class=\"fontstyle0\">1<b>. Geltungsbereich<\/b><\/span><\/p><p><span class=\"fontstyle2\">Diese AGB gelten f\u00fcr alle Buchungen von Ferienh\u00e4usern und Ferienwohnungen bei Rainer Selck.<\/span><\/p><p><span class=\"fontstyle0\">\u00a0<\/span><\/p><p><span class=\"fontstyle0\">2. <b>Buchung &amp; Vertragsschluss<\/b><\/span><\/p><p><span class=\"fontstyle2\">Der Mietvertrag kommt durch schriftliche Best\u00e4tigung des Vermieters zustande. Nach Vertragsabschluss ist eine Anzahlung von <\/span><span class=\"fontstyle0\">20 % des Mietpreises <\/span><span class=\"fontstyle2\">innerhalb von <\/span><span class=\"fontstyle0\">14 Tagen <\/span><span class=\"fontstyle2\">f\u00e4llig.<\/span><\/p><p>Nicht angemeldete G\u00e4ste sind nicht gestattet.<\/p><p>Eine Untervermietung oder Weitergabe an Dritte ist nicht gestattet.<\/p><p>Nach Ende der Mietzeit ist das Mietobjekt ger\u00e4umt und besenrein zu \u00fcbergeben. Der Schl\u00fcssel ist wieder in der Schl\u00fcsselbox zu hinterlegen.<\/p><p><span class=\"fontstyle0\">\u00a0<\/span><\/p><p><span class=\"fontstyle0\">3. <b>Zahlungsbedingungen<\/b><\/span><\/p><p><strong>Anzahlung:<\/strong> 20\u202f% des Mietpreises innerhalb von 7 Tagen nach Vertragsabschluss, wird auf den Gesamtmietpreis angerechnet.<\/p><p><strong>Restzahlung:<\/strong> verbleibender Betrag zzgl. Kurtaxe und 70,00 \u20ac Kaution sp\u00e4testens 14 Tage vor Anreise.<\/p><p><strong>Kurzfristige Buchungen (&lt;14 Tage vor Mietbeginn):<\/strong> Gesamtbetrag zzgl. Kurtaxe und Kaution sofort f\u00e4llig.<\/p><p><strong>Zahlungsverzug:<\/strong> Bei Zahlungsverzug &gt;7 Tage vor Anreise kann der Vermieter vom Vertrag zur\u00fccktreten.<\/p><p><span class=\"fontstyle2\">\u2022 Die Kaution dient zur <\/span><span class=\"fontstyle0\">Absicherung von Sch\u00e4den sowie zur Verrechnung des Stromverbrauchs\u00a0<\/span><\/p><p><span class=\"fontstyle2\">\u2022 Der Strom wird nach Abreise anhand des Z\u00e4hlerstandes abgerechnet\u00a0<\/span><\/p><p><span class=\"fontstyle2\">\u2022 Ein verbleibendes Restguthaben aus der Kaution wird dem Mieter nach Abreise erstattet<\/span><\/p><p><span class=\"fontstyle0\">\u00a0<\/span><\/p><p><span class=\"fontstyle0\">4. <b>An- und Abreise<\/b><\/span><\/p><p><span class=\"fontstyle2\">\u2022 Anreise: ab <\/span><span class=\"fontstyle0\">16:00 Uhr\u00a0<\/span><\/p><p><span class=\"fontstyle2\">\u2022 Abreise: bis <\/span><span class=\"fontstyle0\">10:00 Uhr<\/span><\/p><p><span class=\"fontstyle0\">\u00a0<\/span><\/p><p><span class=\"fontstyle0\">5. <b>Stornierung und Auffenthaltsabbruch<\/b><\/span><\/p><p><span class=\"fontstyle2\">Storniert der Mieter vor Mietbeginn ohne einen geeigneten Nachmieter, gelten folgende Stornokosten (ohne Endreinigung):<\/span><\/p><p><span class=\"fontstyle2\">\u2022 bis 49 Tage vor Mietbeginn: <\/span><span class=\"fontstyle0\">75 % <\/span><span class=\"fontstyle2\">des Mietpreises\u00a0<\/span><\/p><p><span class=\"fontstyle2\">\u2022 bis 35 Tage vor Mietbeginn: <\/span><span class=\"fontstyle0\">85 %\u00a0<\/span><span class=\"fontstyle2\"><br \/><\/span><\/p><p><span class=\"fontstyle2\">\u2022 bis 21 Tage vor Mietbeginn: <\/span><span class=\"fontstyle0\">90 %\u00a0<\/span><span class=\"fontstyle2\"><br \/><\/span><\/p><p><span class=\"fontstyle2\">\u2022 bis 14 Tage vor Mietbeginn: <\/span><span class=\"fontstyle0\">95 %\u00a0<\/span><span class=\"fontstyle2\"><br \/><\/span><\/p><p><span class=\"fontstyle2\">\u2022 sp\u00e4ter als 14 Tage vor Mietbeginn: <\/span><span class=\"fontstyle0\">100 %<\/span><\/p><p><span class=\"fontstyle0\">\u00a0<\/span><\/p><p><span class=\"fontstyle2\">Dem Mieter bleibt der Nachweis eines geringeren Schadens jederzeit vorbehalten<\/span><\/p><p>Bei vorzeitigem Abbruch des Aufenthalts besteht kein Anspruch auf R\u00fcckerstattung.<\/p><p>Stornierungen bed\u00fcrfen der Schriftform. Ma\u00dfgeblich ist der Zugang beim Vermieter.<\/p><p><strong>Hinweis:<\/strong> Es wird der Abschluss einer Reiser\u00fccktrittsversicherung empfohlen.<\/p><p><span class=\"fontstyle0\">\u00a0<\/span><\/p><p><span class=\"fontstyle0\">6.<\/span><strong> Haftung und Pflichten des Mieters\u00a0<\/strong><\/p><p>Der Mieter verpflichtet sich, das Mietobjekt einschlie\u00dflich aller M\u00f6bel, Einrichtungsgegenst\u00e4nde und technischen Anlagen pfleglich zu behandeln.<\/p><p>Der Mieter haftet f\u00fcr alle Sch\u00e4den, die er selbst, mitreisende Personen, Besucher oder mitgebrachte Tiere schuldhaft verursachen. Sch\u00e4den sind unverz\u00fcglich anzuzeigen.<\/p><p>M\u00e4ngel bei \u00dcbernahme oder w\u00e4hrend der Mietzeit sind dem Vermieter unverz\u00fcglich mitzuteilen. Unterlassene Anzeige f\u00fchrt zur Haftung f\u00fcr Folgesch\u00e4den.<\/p><p>Haustiere sind nur nach vorheriger Absprache und ausdr\u00fccklicher Zustimmung des Vermieters erlaubt. F\u00fcr einen Hund wird eine Zusatzgeb\u00fchr erhoben.<\/p><p>Die Anzahl der Tiere ist auf die im Vertrag vereinbarte Anzahl beschr\u00e4nkt.<\/p><p>Andere Haustiere sind nicht gestattet.<\/p><p>Der Mieter ist verpflichtet, die Hausordnung einzuhalten, die Bestandteil dieses Mietvertrags ist.<\/p><p>Der Vermieter haftet nicht f\u00fcr Unf\u00e4lle, Verletzungen oder Diebstahl von Eigentum.<\/p><p>7. <strong>Kurtaxe<\/strong><\/p><p>Kurtaxe anhand der Anzahl der mitreisenden Personen ab 18 Jahren.<\/p><p>Kinder und Jugendliche unter 18 Jahren sind kostenfrei.<\/p><p>Kurtaxe 01.01.30.03.26 pro Nacht und Person \u00fcber 18 Jahre\u00a0\u00a0\u00a0 1,50 \u20ac<\/p><p>Kurtaxe 01.04-30.09.26 pro Nacht und Person \u00fcber 18 Jahre\u00a0\u00a0\u00a0 3,00 \u20ac<\/p><p>Kurtaxe 01.10-21.12.26 pro Nacht und Person \u00fcber 18 Jahre\u00a0 \u00a0 1,50 \u20ac<\/p><p>Kurtaxe 22.12-31.12.26 pro Nacht und Person \u00fcber 18 Jahre\u00a0 \u00a0 3,00 \u20ac<\/p><p><span class=\"fontstyle0\">\u00a0<\/span><\/p><p><span class=\"fontstyle0\">8. <b>Haustiere<\/b><\/span><\/p><p><span class=\"fontstyle0\">Die Haltung von Hunden und Katzen ist nur nach vorheriger schriftlicher Zustimmung des Vermieters gestattet.<br data-start=\"1327\" data-end=\"1330\" \/>Ein Anspruch auf Zustimmung besteht nicht.<br data-start=\"1374\" data-end=\"1377\" \/>Kleintiere, die \u00fcblicherweise in K\u00e4figen oder Aquarien gehalten werden und keine Beeintr\u00e4chtigung oder Besch\u00e4digung verursachen, sind hiervon ausgenommen.<br data-start=\"1533\" data-end=\"1536\" \/>Der Mieter haftet f\u00fcr alle durch das Tier verursachten Sch\u00e4den.<br data-start=\"1601\" data-end=\"1604\" \/>Bei genehmigter Tierhaltung kann eine zus\u00e4tzliche Reinigungsgeb\u00fchr erhoben werden.<\/span><\/p><p><span class=\"fontstyle2\">\u00a0<\/span><\/p><p><span class=\"fontstyle0\">9. <b>Hausordnung<\/b><\/span><\/p><p><span class=\"fontstyle2\">Die Hausordnung ist Bestandteil des Mietvertrages.<br data-start=\"974\" data-end=\"977\" \/>Sie ist auf der Webseite einsehbar und wird dem Mieter vor Vertragsabschluss zur Kenntnis gebracht.<br data-start=\"1091\" data-end=\"1094\" \/>Mit Buchung erkennt der Mieter die Hausordnung verbindlich an.<\/span><\/p><p><span class=\"fontstyle2\">\u00a0<\/span><\/p><p><span class=\"fontstyle0\">10. <b>Schlussbestimmungen<\/b><\/span><\/p><p>\u00c4nderungen und Erg\u00e4nzungen dieses Vertrages bed\u00fcrfen der Schriftform.<\/p><p>Sollten einzelne Bestimmungen unwirksam sein, bleibt die Wirksamkeit des Vertrages im \u00dcbrigen unber\u00fchrt.<\/p><p><span class=\"fontstyle2\">Es gilt deutsches Recht. Sollten einzelne Bestimmungen unwirksam sein, bleibt der Vertrag im \u00dcbrigen wirksam. Gerichtsstand ist \u2013 soweit gesetzlich zul\u00e4ssig \u2013 der Sitz des Vermieters.<\/span><\/p><p>\u00a0<\/p><p>Herzliche Gr\u00fc\u00dfe\u00a0<\/p><p>Rainer Selck\u00a0<\/p>\t\t\t\t\t\t\t\t<\/div>\n\t\t\t\t<\/div>\n\t\t\t\t\t<\/div>\n\t\t<\/div>\n\t\t\t\t\t<\/div>\n\t\t<\/section>\n\t\t\t\t<\/div>\n\t\t","protected":false},"excerpt":{"rendered":"<p>\u00a0Allgemeine Gesch\u00e4ftsbedingungen (AGB) f\u00fcr die Vermietung von Ferienh\u00e4usern und Ferienwohnungen von Rainer Selck \u00a0 1. Geltungsbereich Diese AGB gelten f\u00fcr alle Buchungen von Ferienh\u00e4usern und Ferienwohnungen bei Rainer Selck. \u00a0 2. Buchung &amp; Vertragsschluss Der Mietvertrag kommt durch schriftliche Best\u00e4tigung des Vermieters zustande. Nach Vertragsabschluss ist eine Anzahlung von 20 % des Mietpreises innerhalb von [&hellip;]<\/p>\n","protected":false},"author":1,"featured_media":0,"parent":0,"menu_order":0,"comment_status":"closed","ping_status":"closed","template":"","meta":{"inline_featured_image":false,"footnotes":""},"class_list":["post-1924","page","type-page","status-publish","hentry"],"_links":{"self":[{"href":"https:\/\/urlaub-holnis.de\/en\/wp-json\/wp\/v2\/pages\/1924","targetHints":{"allow":["GET"]}}],"collection":[{"href":"https:\/\/urlaub-holnis.de\/en\/wp-json\/wp\/v2\/pages"}],"about":[{"href":"https:\/\/urlaub-holnis.de\/en\/wp-json\/wp\/v2\/types\/page"}],"author":[{"embeddable":true,"href":"https:\/\/urlaub-holnis.de\/en\/wp-json\/wp\/v2\/users\/1"}],"replies":[{"embeddable":true,"href":"https:\/\/urlaub-holnis.de\/en\/wp-json\/wp\/v2\/comments?post=1924"}],"version-history":[{"count":22,"href":"https:\/\/urlaub-holnis.de\/en\/wp-json\/wp\/v2\/pages\/1924\/revisions"}],"predecessor-version":[{"id":2423,"href":"https:\/\/urlaub-holnis.de\/en\/wp-json\/wp\/v2\/pages\/1924\/revisions\/2423"}],"wp:attachment":[{"href":"https:\/\/urlaub-holnis.de\/en\/wp-json\/wp\/v2\/media?parent=1924"}],"curies":[{"name":"wp","href":"https:\/\/api.w.org\/{rel}","templated":true}]}}