{"id":1932,"date":"2026-02-11T07:25:25","date_gmt":"2026-02-11T07:25:25","guid":{"rendered":"https:\/\/urlaub-holnis.de\/?page_id=1932"},"modified":"2026-02-11T07:30:12","modified_gmt":"2026-02-11T07:30:12","slug":"datenschutz","status":"publish","type":"page","link":"https:\/\/urlaub-holnis.de\/en\/datenschutz\/","title":{"rendered":"Datenschutz"},"content":{"rendered":"\t\t<div data-elementor-type=\"wp-page\" data-elementor-id=\"1932\" class=\"elementor elementor-1932\">\n\t\t\t\t\t\t<section class=\"elementor-section elementor-top-section elementor-element elementor-element-f850f2d elementor-section-boxed elementor-section-height-default elementor-section-height-default\" data-id=\"f850f2d\" data-element_type=\"section\" data-e-type=\"section\">\n\t\t\t\t\t\t<div class=\"elementor-container elementor-column-gap-default\">\n\t\t\t\t\t<div class=\"elementor-column elementor-col-100 elementor-top-column elementor-element elementor-element-3700fce\" data-id=\"3700fce\" data-element_type=\"column\" data-e-type=\"column\">\n\t\t\t<div class=\"elementor-widget-wrap elementor-element-populated\">\n\t\t\t\t\t\t<div class=\"elementor-element elementor-element-047d1d7 elementor-widget elementor-widget-text-editor\" data-id=\"047d1d7\" data-element_type=\"widget\" data-e-type=\"widget\" data-widget_type=\"text-editor.default\">\n\t\t\t\t<div class=\"elementor-widget-container\">\n\t\t\t\t\t\t\t\t\t<h5>&nbsp;<\/h5>\n<h5>&nbsp;<span class=\"fontstyle0\">D<b>ATENSCHUTZERKL\u00c4RUNG<\/b><\/span><\/h5>\n<p><\/p>\n<p><span class=\"fontstyle0\">1. <b>Verantwortlicher<\/b><\/span><\/p>\n<p><\/p><p><span class=\"fontstyle2\">Verantwortlich f\u00fcr die Datenverarbeitung im Sinne der Datenschutz-Grundverordnung (DSGVO):<\/span><\/p><p><span class=\"fontstyle2\">&nbsp;<\/span><\/p>\n<p><\/p>\n<p><span class=\"fontstyle2\">Rainer Selck&nbsp;<\/span><\/p>\n<p><span class=\"fontstyle2\">An der Wallsbek 29&nbsp;<\/span><\/p>\n<p><span class=\"fontstyle2\">24980 Wallsb\u00fcll&nbsp;<\/span><\/p>\n<p><span class=\"fontstyle2\">E-Mail: info@urlaub-holnis.de<\/span><\/p>\n<p><span class=\"fontstyle2\">&nbsp;<\/span><\/p>\n<p><\/p>\n<p><span class=\"fontstyle0\">2. <b>Erhebung und Speicherung personenbezogener Daten<\/b><\/span><\/p>\n<p><\/p>\n<p><span class=\"fontstyle2\">Wir erheben personenbezogene Daten, wenn Sie uns diese im Rahmen einer Anfrage, Buchung oder Kontaktaufnahme mitteilen (z.B. Name, Anschrift, E-Mail-Adresse, Telefonnummer, IP-Adresse).<\/span><\/p>\n<p><span class=\"fontstyle2\">&nbsp;<\/span><\/p>\n<p><\/p>\n<p><span class=\"fontstyle0\">3. <b>Zweck der Datenverarbeitung<\/b><\/span><\/p>\n<p><\/p>\n<p><span class=\"fontstyle2\">Die Daten werden verarbeitet zum Zwecke der:<\/span><\/p>\n<p><\/p>\n<p><span class=\"fontstyle2\">\u2022 Bearbeitung von Anfragen und Buchungen&nbsp;<\/span><\/p>\n<p><span class=\"fontstyle2\">\u2022 Vertragsabwicklung&nbsp;<\/span><\/p>\n<p><span class=\"fontstyle2\">\u2022 Abrechnung sowie Erf\u00fcllung gesetzlicher Pflichten<\/span><\/p>\n<p><span class=\"fontstyle2\">&nbsp;<\/span><\/p>\n<p><\/p>\n<p><span class=\"fontstyle0\">4. <b>Rechtsgrundlage der Verarbeitung<\/b><\/span><\/p>\n<p><\/p>\n<p><span class=\"fontstyle2\">Die Verarbeitung Ihrer Daten erfolgt auf Grundlage von Art. 6 Abs. 1 lit. b DSGVO (Vertragserf\u00fcllung) sowie Art. 6 Abs. 1 lit. c DSGVO (gesetzliche Verpflichtungen).<\/span><\/p>\n<p><span class=\"fontstyle2\">&nbsp;<\/span><\/p>\n<p><\/p>\n<p><span class=\"fontstyle0\">5. <b>Weitergabe von Daten<\/b><\/span><\/p>\n<p><\/p>\n<p><span class=\"fontstyle2\">Eine Weitergabe Ihrer Daten erfolgt nur, wenn:<\/span><\/p>\n<p><\/p>\n<p><span class=\"fontstyle2\">\u2022 dies zur Vertragsabwicklung erforderlich ist (z.B. an Buchungsplattformen oder Zahlungsdienstleister)&nbsp;<\/span><\/p>\n<p><span class=\"fontstyle2\">\u2022 eine gesetzliche Verpflichtung besteht<\/span><\/p>\n<p><span class=\"fontstyle2\">&nbsp;<\/span><\/p>\n<p><\/p>\n<p><span class=\"fontstyle0\">6. <b>Cookies &amp; Website<\/b><\/span><\/p>\n<p><\/p>\n<p><span class=\"fontstyle2\">Die Website <\/span><span class=\"fontstyle0\">urlaub-holnis.de <\/span><span class=\"fontstyle2\">verwendet ausschlie\u00dflich technisch notwendige Cookies. Diese Cookies sind erforderlich, um grundlegende Funktionen der Website bereitzustellen. Eine Nutzung der Website ist grunds\u00e4tzlich auch ohne Cookies m\u00f6glich, kann jedoch in der Funktionalit\u00e4t eingeschr\u00e4nkt sein.<\/span><\/p>\n<p><span class=\"fontstyle2\">&nbsp;<\/span><\/p>\n<p><\/p>\n<p><span class=\"fontstyle0\">7. <b>Speicherdauer<\/b><\/span><\/p>\n<p><\/p>\n<p><span class=\"fontstyle2\">Ihre personenbezogenen Daten werden nur so lange gespeichert, wie dies f\u00fcr die Abwicklung des Vertragsverh\u00e4ltnisses sowie zur Einhaltung gesetzlicher Aufbewahrungspflichten erforderlich ist.<\/span><\/p>\n<p><span class=\"fontstyle2\">&nbsp;<\/span><\/p>\n<p><\/p>\n<p><span class=\"fontstyle0\">8. <b>Ihre Rechte<\/b><\/span><\/p>\n<p><\/p>\n<p><span class=\"fontstyle2\">Sie haben jederzeit das Recht auf:<\/span><\/p>\n<p><\/p>\n<p><span class=\"fontstyle2\">\u2022 Auskunft \u00fcber Ihre gespeicherten Daten&nbsp;<\/span><\/p>\n<p><span class=\"fontstyle2\">\u2022 Berichtigung unrichtiger Daten&nbsp;<\/span><\/p>\n<p><span class=\"fontstyle2\">\u2022 L\u00f6schung Ihrer Daten&nbsp;<\/span><\/p>\n<p><span class=\"fontstyle2\">\u2022 Einschr\u00e4nkung der Verarbeitung&nbsp;<\/span><\/p>\n<p><span class=\"fontstyle2\">\u2022 Daten\u00fcbertragbarkeit&nbsp;<\/span><\/p>\n<p><span class=\"fontstyle2\">\u2022 Widerruf einer erteilten Einwilligung<\/span><\/p>\n<p><span class=\"fontstyle2\">&nbsp;<\/span><\/p>\n<p><\/p>\n<p><span class=\"fontstyle0\">9. <b>Beschwerderecht bei der Aufsichtsbeh\u00f6rde<\/b><\/span><\/p>\n<p><\/p>\n<p><span class=\"fontstyle2\">Sie haben das Recht, sich bei einer Datenschutz-Aufsichtsbeh\u00f6rde \u00fcber die Verarbeitung Ihrer personenbezogenen Daten zu beschweren.<\/span><\/p>\n<p><span class=\"fontstyle2\">&nbsp;<\/span><\/p>\n<p><\/p>\n<p><span class=\"fontstyle0\">10. <b>Kontakt Datenschutz<\/b><\/span><\/p>\n<p><\/p>\n<p><span class=\"fontstyle2\">Bei Fragen zum Datenschutz wenden Sie sich bitte an:&nbsp;<\/span><span class=\"fontstyle0\">info@urlaub-holnis.de<\/span><\/p>\t\t\t\t\t\t\t\t<\/div>\n\t\t\t\t<\/div>\n\t\t\t\t\t<\/div>\n\t\t<\/div>\n\t\t\t\t\t<\/div>\n\t\t<\/section>\n\t\t\t\t<\/div>\n\t\t","protected":false},"excerpt":{"rendered":"<p>&nbsp; &nbsp;DATENSCHUTZERKL\u00c4RUNG 1. Verantwortlicher Verantwortlich f\u00fcr die Datenverarbeitung im Sinne der Datenschutz-Grundverordnung (DSGVO): &nbsp; Rainer Selck&nbsp; An der Wallsbek 29&nbsp; 24980 Wallsb\u00fcll&nbsp; E-Mail: info@urlaub-holnis.de &nbsp; 2. Erhebung und Speicherung personenbezogener Daten Wir erheben personenbezogene Daten, wenn Sie uns diese im Rahmen einer Anfrage, Buchung oder Kontaktaufnahme mitteilen (z.B. Name, Anschrift, E-Mail-Adresse, Telefonnummer, IP-Adresse). &nbsp; 3. [&hellip;]<\/p>\n","protected":false},"author":1,"featured_media":0,"parent":0,"menu_order":0,"comment_status":"closed","ping_status":"closed","template":"","meta":{"inline_featured_image":false,"footnotes":""},"class_list":["post-1932","page","type-page","status-publish","hentry"],"_links":{"self":[{"href":"https:\/\/urlaub-holnis.de\/en\/wp-json\/wp\/v2\/pages\/1932","targetHints":{"allow":["GET"]}}],"collection":[{"href":"https:\/\/urlaub-holnis.de\/en\/wp-json\/wp\/v2\/pages"}],"about":[{"href":"https:\/\/urlaub-holnis.de\/en\/wp-json\/wp\/v2\/types\/page"}],"author":[{"embeddable":true,"href":"https:\/\/urlaub-holnis.de\/en\/wp-json\/wp\/v2\/users\/1"}],"replies":[{"embeddable":true,"href":"https:\/\/urlaub-holnis.de\/en\/wp-json\/wp\/v2\/comments?post=1932"}],"version-history":[{"count":8,"href":"https:\/\/urlaub-holnis.de\/en\/wp-json\/wp\/v2\/pages\/1932\/revisions"}],"predecessor-version":[{"id":2409,"href":"https:\/\/urlaub-holnis.de\/en\/wp-json\/wp\/v2\/pages\/1932\/revisions\/2409"}],"wp:attachment":[{"href":"https:\/\/urlaub-holnis.de\/en\/wp-json\/wp\/v2\/media?parent=1932"}],"curies":[{"name":"wp","href":"https:\/\/api.w.org\/{rel}","templated":true}]}}