{"id":1940,"date":"2026-02-11T07:30:17","date_gmt":"2026-02-11T07:30:17","guid":{"rendered":"https:\/\/urlaub-holnis.de\/?page_id=1940"},"modified":"2026-02-11T07:40:19","modified_gmt":"2026-02-11T07:40:19","slug":"impressum","status":"publish","type":"page","link":"https:\/\/urlaub-holnis.de\/en\/impressum\/","title":{"rendered":"Impressum"},"content":{"rendered":"\t\t<div data-elementor-type=\"wp-page\" data-elementor-id=\"1940\" class=\"elementor elementor-1940\">\n\t\t\t\t\t\t<section class=\"elementor-section elementor-top-section elementor-element elementor-element-ebc24bc elementor-section-boxed elementor-section-height-default elementor-section-height-default\" data-id=\"ebc24bc\" data-element_type=\"section\" data-e-type=\"section\">\n\t\t\t\t\t\t<div class=\"elementor-container elementor-column-gap-default\">\n\t\t\t\t\t<div class=\"elementor-column elementor-col-100 elementor-top-column elementor-element elementor-element-773498b\" data-id=\"773498b\" data-element_type=\"column\" data-e-type=\"column\">\n\t\t\t<div class=\"elementor-widget-wrap elementor-element-populated\">\n\t\t\t\t\t\t<div class=\"elementor-element elementor-element-7fb5ecb elementor-widget elementor-widget-text-editor\" data-id=\"7fb5ecb\" data-element_type=\"widget\" data-e-type=\"widget\" data-widget_type=\"text-editor.default\">\n\t\t\t\t<div class=\"elementor-widget-container\">\n\t\t\t\t\t\t\t\t\t<h5>IMPRESSUM<\/h5><p>A<b>ngaben gem\u00e4\u00df \u00a7 5 TMG:<\/b><\/p><p>\u00a0<\/p><div>Rainer Selck\u00a0<\/div><div>An der Wallsbek 29\u00a0<br \/>24980 Wallsb\u00fcll\u00a0<br \/>Deutschland<\/div><div>Telefon: 0151 21782368\u00a0<\/div><div>E-Mail: info@urlaub-holnis.de<br \/><br \/>A<b>rt der T\u00e4tigkeit:<\/b><br \/>Vermietung von Ferienh\u00e4usern und Ferienwohnungen<br \/><b><br \/><\/b><\/div><p><b>Umsatzsteuer:<\/b><\/p><p>Es wird keine Umsatzsteuer ausgewiesen gem\u00e4\u00df \u00a7 19 UStG (Kleinunternehmerregelung).<\/p><p>\u00a0<\/p><p><b>Verantwortlich f\u00fcr den Inhalt nach \u00a7 55 Abs. 2 RStV:<\/b><\/p><p>Rainer Selck\u00a0<\/p><p>An der Wallsbek 29\u00a0<\/p><p>24980 Wallsb\u00fcll<br \/><br style=\"font-style: normal; font-variant: normal; font-weight: normal; letter-spacing: normal; line-height: normal; orphans: 2; text-align: -webkit-auto; text-indent: 0px; text-transform: none; white-space: normal; widows: 2; word-spacing: 0px; -webkit-text-size-adjust: auto; -webkit-text-stroke-width: 0px;\" \/><\/p>\t\t\t\t\t\t\t\t<\/div>\n\t\t\t\t<\/div>\n\t\t\t\t\t<\/div>\n\t\t<\/div>\n\t\t\t\t\t<\/div>\n\t\t<\/section>\n\t\t\t\t<\/div>\n\t\t","protected":false},"excerpt":{"rendered":"<p>IMPRESSUM Angaben gem\u00e4\u00df \u00a7 5 TMG: \u00a0 Rainer Selck\u00a0An der Wallsbek 29\u00a024980 Wallsb\u00fcll\u00a0DeutschlandTelefon: 0151 21782368\u00a0E-Mail: info@urlaub-holnis.de Art der T\u00e4tigkeit:Vermietung von Ferienh\u00e4usern und Ferienwohnungen Umsatzsteuer: Es wird keine Umsatzsteuer ausgewiesen gem\u00e4\u00df \u00a7 19 UStG (Kleinunternehmerregelung). \u00a0 Verantwortlich f\u00fcr den Inhalt nach \u00a7 55 Abs. 2 RStV: Rainer Selck\u00a0 An der Wallsbek 29\u00a0 24980 Wallsb\u00fcll<\/p>\n","protected":false},"author":1,"featured_media":0,"parent":0,"menu_order":0,"comment_status":"closed","ping_status":"closed","template":"","meta":{"inline_featured_image":false,"footnotes":""},"class_list":["post-1940","page","type-page","status-publish","hentry"],"_links":{"self":[{"href":"https:\/\/urlaub-holnis.de\/en\/wp-json\/wp\/v2\/pages\/1940","targetHints":{"allow":["GET"]}}],"collection":[{"href":"https:\/\/urlaub-holnis.de\/en\/wp-json\/wp\/v2\/pages"}],"about":[{"href":"https:\/\/urlaub-holnis.de\/en\/wp-json\/wp\/v2\/types\/page"}],"author":[{"embeddable":true,"href":"https:\/\/urlaub-holnis.de\/en\/wp-json\/wp\/v2\/users\/1"}],"replies":[{"embeddable":true,"href":"https:\/\/urlaub-holnis.de\/en\/wp-json\/wp\/v2\/comments?post=1940"}],"version-history":[{"count":7,"href":"https:\/\/urlaub-holnis.de\/en\/wp-json\/wp\/v2\/pages\/1940\/revisions"}],"predecessor-version":[{"id":1947,"href":"https:\/\/urlaub-holnis.de\/en\/wp-json\/wp\/v2\/pages\/1940\/revisions\/1947"}],"wp:attachment":[{"href":"https:\/\/urlaub-holnis.de\/en\/wp-json\/wp\/v2\/media?parent=1940"}],"curies":[{"name":"wp","href":"https:\/\/api.w.org\/{rel}","templated":true}]}}