{"id":2410,"date":"2026-03-05T12:18:36","date_gmt":"2026-03-05T11:18:36","guid":{"rendered":"https:\/\/urlaub-holnis.de\/?page_id=2410"},"modified":"2026-03-05T12:19:45","modified_gmt":"2026-03-05T11:19:45","slug":"hausordnung","status":"publish","type":"page","link":"https:\/\/urlaub-holnis.de\/en\/hausordnung\/","title":{"rendered":"Hausordnung"},"content":{"rendered":"\t\t<div data-elementor-type=\"wp-page\" data-elementor-id=\"2410\" class=\"elementor elementor-2410\">\n\t\t\t\t\t\t<section class=\"elementor-section elementor-top-section elementor-element elementor-element-38cceb93 elementor-section-boxed elementor-section-height-default elementor-section-height-default\" data-id=\"38cceb93\" data-element_type=\"section\" data-e-type=\"section\">\n\t\t\t\t\t\t<div class=\"elementor-container elementor-column-gap-default\">\n\t\t\t\t\t<div class=\"elementor-column elementor-col-100 elementor-top-column elementor-element elementor-element-1fce0ba8\" data-id=\"1fce0ba8\" data-element_type=\"column\" data-e-type=\"column\">\n\t\t\t<div class=\"elementor-widget-wrap elementor-element-populated\">\n\t\t\t\t\t\t<div class=\"elementor-element elementor-element-18308c95 elementor-widget elementor-widget-text-editor\" data-id=\"18308c95\" data-element_type=\"widget\" data-e-type=\"widget\" data-widget_type=\"text-editor.default\">\n\t\t\t\t<div class=\"elementor-widget-container\">\n\t\t\t\t\t\t\t\t\t<p><strong><img decoding=\"async\" class=\"emoji\" role=\"img\" draggable=\"false\" src=\"https:\/\/s.w.org\/images\/core\/emoji\/16.0.1\/svg\/1f3e1.svg\" alt=\"\ud83c\udfe1\" \/><\/strong><strong> Hausordnung <\/strong><strong>f\u00fcr Ferienh\u00e4user &amp; Ferienwohnungen<\/strong><\/p>\n<p>\u00a0<\/p>\n<p>Liebe G\u00e4ste,<br \/>wir freuen uns, Sie in unseren Ferienunterk\u00fcnften begr\u00fc\u00dfen zu d\u00fcrfen.<br \/>Die nachfolgende Hausordnung ist Bestandteil des Mietvertrages. Mit der Buchung erkennen Sie diese verbindlich an.<\/p>\n<p>Die Anreise kann erst ab 16.00 Uhr erfolgen. Abreise Bitte bis 10.00 Uhr. Andere Absprachen sind m\u00f6glich.<\/p>\n<p>\u00a0<\/p>\n<p>\u00a0<\/p>\n<p><strong><img decoding=\"async\" class=\"emoji\" role=\"img\" draggable=\"false\" src=\"https:\/\/s.w.org\/images\/core\/emoji\/16.0.1\/svg\/1f6ad.svg\" alt=\"\ud83d\udead\" \/><\/strong><strong> 1. Nichtraucherregelung<\/strong><\/p>\n<p>Das Rauchen ist in s\u00e4mtlichen Innenr\u00e4umen untersagt.<\/p>\n<p>Rauchen ist ausschlie\u00dflich im Au\u00dfenbereich gestattet.<\/p>\n<p>Bitte benutzen Sie die bereitgestellten Aschenbecher.<\/p>\n<p>Bei Versto\u00df behalten wir uns vor, eine Sonderreinigungsgeb\u00fchr zu erheben.<\/p>\n<p>\u00a0<\/p>\n<p>\u00a0<\/p>\n<p><strong><img decoding=\"async\" class=\"emoji\" role=\"img\" draggable=\"false\" src=\"https:\/\/s.w.org\/images\/core\/emoji\/16.0.1\/svg\/1f43e.svg\" alt=\"\ud83d\udc3e\" \/><\/strong><strong> 2. Haustiere<\/strong><\/p>\n<p>Haustiere sind nur nach vorheriger schriftlicher Zustimmung des Vermieters gestattet. Ein Anspruch auf Genehmigung besteht nicht.<\/p>\n<p>Tiere d\u00fcrfen nicht unbeaufsichtigt in der Unterkunft verbleiben.<\/p>\n<p>Hinterlassenschaften sind vollst\u00e4ndig zu entfernen.<\/p>\n<p>F\u00fcr durch Tiere verursachte Sch\u00e4den haftet der Gast in vollem Umfang.<\/p>\n<p>\u00a0<\/p>\n<p>\u00a0<\/p>\n<p><strong><img decoding=\"async\" class=\"emoji\" role=\"img\" draggable=\"false\" src=\"https:\/\/s.w.org\/images\/core\/emoji\/16.0.1\/svg\/1f512.svg\" alt=\"\ud83d\udd12\" \/><\/strong><strong> 3. Sicherheit &amp; Sorgfaltspflicht<\/strong><\/p>\n<p>T\u00fcren und Fenster sind beim Verlassen der Unterkunft stets zu schlie\u00dfen.<\/p>\n<p>Offenes Feuer (z. B. Kerzen, Feuerstellen) ist im Innenbereich untersagt.<\/p>\n<p>Elektrische Ger\u00e4te sind bei Nichtbenutzung auszuschalten.<\/p>\n<p>Der Stromkasten f\u00fcr den Stromstand\u00a0 befindet sich im Technikraum rechts neben dem Haupteingang.<\/p>\n<p>Der Gast haftet f\u00fcr Sch\u00e4den, die durch unsachgem\u00e4\u00dfen Gebrauch entstehen.<\/p>\n<p>\u00a0<\/p>\n<p>\u00a0<\/p>\n<p><strong><img decoding=\"async\" class=\"emoji\" role=\"img\" draggable=\"false\" src=\"https:\/\/s.w.org\/images\/core\/emoji\/16.0.1\/svg\/1f3b5.svg\" alt=\"\ud83c\udfb5\" \/><\/strong><strong> 4. Ruhezeiten &amp; R\u00fccksichtnahme<\/strong><\/p>\n<p>Die gesetzlichen Ruhezeiten von 22:00 Uhr bis 07:00 Uhr sind einzuhalten.<\/p>\n<p>Laute Musik, Partys oder Veranstaltungen sind nicht gestattet.<\/p>\n<p>Die maximale Personenzahl laut Buchungsbest\u00e4tigung darf nicht \u00fcberschritten werden.<\/p>\n<p>Bei erheblichen Verst\u00f6\u00dfen behalten wir uns eine fristlose K\u00fcndigung des Mietverh\u00e4ltnisses ohne R\u00fcckerstattung vor.<\/p>\n<p>\u00a0<\/p>\n<p>\u00a0<\/p>\n<p><strong><img decoding=\"async\" class=\"emoji\" role=\"img\" draggable=\"false\" src=\"https:\/\/s.w.org\/images\/core\/emoji\/16.0.1\/svg\/1f5d1.svg\" alt=\"\ud83d\uddd1\" \/><\/strong><strong>\ufe0f 5. M\u00fcll &amp; Recycling<\/strong><\/p>\n<p>M\u00fcll ist entsprechend der \u00f6rtlichen Vorgaben zu trennen (Restm\u00fcll, Papier, Glas, Kunststoff).<\/p>\n<p>Die Entsorgung erfolgt in den vorgesehenen Beh\u00e4ltern.<\/p>\n<p>Bei Nichtbeachtung kann eine zus\u00e4tzliche Entsorgungsgeb\u00fchr erhoben werden.<\/p>\n<p>\u00a0<\/p>\n<p>\u00a0<\/p>\n<p><strong><img decoding=\"async\" class=\"emoji\" role=\"img\" draggable=\"false\" src=\"https:\/\/s.w.org\/images\/core\/emoji\/16.0.1\/svg\/1f5dd.svg\" alt=\"\ud83d\udddd\" \/><\/strong><strong>\ufe0f 6. Schl\u00fcssel &amp; Zugang<\/strong><\/p>\n<p>Der Zugang erfolgt \u00fcber eine Schl\u00fcsselbox.<\/p>\n<p>Der Zugangscode wird am Anreisetag per E-Mail oder SMS \u00fcbermittelt.<\/p>\n<p>Bei Abreise ist der Schl\u00fcssel wieder ordnungsgem\u00e4\u00df in der Schl\u00fcsselbox zu hinterlegen.<\/p>\n<p>Bei Verlust eines Schl\u00fcssels wird eine Pauschale von 120,00 \u20ac berechnet.<br \/>Da aus Sicherheitsgr\u00fcnden ein Austausch der 2 Schlie\u00dfanlage erforderlich ist.\u00a0<\/p>\n<p>\u00a0<\/p>\n<p><strong><img decoding=\"async\" class=\"emoji\" role=\"img\" draggable=\"false\" src=\"https:\/\/s.w.org\/images\/core\/emoji\/16.0.1\/svg\/1f9f9.svg\" alt=\"\ud83e\uddf9\" \/><\/strong><strong> 7. Reinigung &amp; Zustand bei Abreise<\/strong><\/p>\n<p>Die Unterkunft ist besenrein zu hinterlassen.<\/p>\n<p>Geschirr ist gesp\u00fclt und einger\u00e4umt zu hinterlassen.<\/p>\n<p>M\u00fcll ist zu entsorgen.<\/p>\n<p>M\u00f6bel sind an ihren urspr\u00fcnglichen Platz zur\u00fcckzustellen.<\/p>\n<p>Bei au\u00dfergew\u00f6hnlicher Verschmutzung oder nicht vertragsgem\u00e4\u00dfem Zustand behalten wir uns vor, eine Zusatzreinigung nach tats\u00e4chlichem Aufwand zu berechnen.<\/p>\n<p>\u00a0<\/p>\n<p>\u00a0<\/p>\n<p><strong><img decoding=\"async\" class=\"emoji\" role=\"img\" draggable=\"false\" src=\"https:\/\/s.w.org\/images\/core\/emoji\/16.0.1\/svg\/26a0.svg\" alt=\"\u26a0\ufe0f\" \/><\/strong><strong> 8. Sch\u00e4den &amp; Haftung<\/strong><\/p>\n<p>Der Gast haftet f\u00fcr alle Sch\u00e4den, die durch ihn selbst oder seine Mitreisenden verursacht werden.<\/p>\n<p>Sch\u00e4den sind unverz\u00fcglich zu melden.<\/p>\n<p>Unterbleibt eine Meldung, kann dies zu Schadensersatzanspr\u00fcchen f\u00fchren.<\/p>\n<p>\u00a0<\/p>\n<p>\u00a0<\/p>\n<p><strong><img decoding=\"async\" class=\"emoji\" role=\"img\" draggable=\"false\" src=\"https:\/\/s.w.org\/images\/core\/emoji\/16.0.1\/svg\/1f465.svg\" alt=\"\ud83d\udc65\" \/><\/strong><strong> 9. Besucher<\/strong><\/p>\n<p>Besucher sind nur nach vorheriger Absprache zul\u00e4ssig.<\/p>\n<p>\u00dcbernachtungen nicht angemeldeter Personen sind nicht gestattet.<\/p>\n<p>Personen die im Wohnmobil schlafen sind auch nicht gestattet.<\/p>\n<p>\u00a0<\/p>\n<p>\u00a0<\/p>\n<p><strong><img decoding=\"async\" class=\"emoji\" role=\"img\" draggable=\"false\" src=\"https:\/\/s.w.org\/images\/core\/emoji\/16.0.1\/svg\/1f4b6.svg\" alt=\"\ud83d\udcb6\" \/><\/strong><strong> 10. Kurtaxe<\/strong><\/p>\n<p>Die \u00f6rtliche Kurtaxe ist vor Anreise zu entrichten.<\/p>\n<p>Die Kurkarten werden vor Anreise per E-Mail \u00fcbermittelt.<\/p>\n<p>\u00a0<\/p>\n<p>\u00a0<\/p>\n<p><strong><img decoding=\"async\" class=\"emoji\" role=\"img\" draggable=\"false\" src=\"https:\/\/s.w.org\/images\/core\/emoji\/16.0.1\/svg\/2757.svg\" alt=\"\u2757\" \/><\/strong><strong> Allgemeiner Hinweis<\/strong><\/p>\n<p>Bei schwerwiegenden oder wiederholten Verst\u00f6\u00dfen gegen die Hausordnung behalten wir uns vor, das Mietverh\u00e4ltnis fristlos zu beenden. Ein Anspruch auf R\u00fcckerstattung besteht in diesem Fall nicht.<\/p>\n<p>\u00a0<\/p>\n<p>Vielen Dank f\u00fcr Ihr Verst\u00e4ndnis und Ihre Mithilfe.<\/p>\n<p>Wir w\u00fcnschen Ihnen einen angenehmen Aufenthalt.<\/p>\n<p><strong>Ihr Vermieter<\/strong><br \/>Rainer Selck<\/p>\n<p><\/p>\t\t\t\t\t\t\t\t<\/div>\n\t\t\t\t<\/div>\n\t\t\t\t\t<\/div>\n\t\t<\/div>\n\t\t\t\t\t<\/div>\n\t\t<\/section>\n\t\t\t\t<\/div>\n\t\t","protected":false},"excerpt":{"rendered":"<p>Hausordnung f\u00fcr Ferienh\u00e4user &amp; Ferienwohnungen \u00a0 Liebe G\u00e4ste,wir freuen uns, Sie in unseren Ferienunterk\u00fcnften begr\u00fc\u00dfen zu d\u00fcrfen.Die nachfolgende Hausordnung ist Bestandteil des Mietvertrages. Mit der Buchung erkennen Sie diese verbindlich an. Die Anreise kann erst ab 16.00 Uhr erfolgen. Abreise Bitte bis 10.00 Uhr. Andere Absprachen sind m\u00f6glich. \u00a0 \u00a0 1. Nichtraucherregelung Das Rauchen ist [&hellip;]<\/p>\n","protected":false},"author":1,"featured_media":0,"parent":0,"menu_order":0,"comment_status":"closed","ping_status":"closed","template":"","meta":{"inline_featured_image":false,"footnotes":""},"class_list":["post-2410","page","type-page","status-publish","hentry"],"_links":{"self":[{"href":"https:\/\/urlaub-holnis.de\/en\/wp-json\/wp\/v2\/pages\/2410","targetHints":{"allow":["GET"]}}],"collection":[{"href":"https:\/\/urlaub-holnis.de\/en\/wp-json\/wp\/v2\/pages"}],"about":[{"href":"https:\/\/urlaub-holnis.de\/en\/wp-json\/wp\/v2\/types\/page"}],"author":[{"embeddable":true,"href":"https:\/\/urlaub-holnis.de\/en\/wp-json\/wp\/v2\/users\/1"}],"replies":[{"embeddable":true,"href":"https:\/\/urlaub-holnis.de\/en\/wp-json\/wp\/v2\/comments?post=2410"}],"version-history":[{"count":13,"href":"https:\/\/urlaub-holnis.de\/en\/wp-json\/wp\/v2\/pages\/2410\/revisions"}],"predecessor-version":[{"id":2612,"href":"https:\/\/urlaub-holnis.de\/en\/wp-json\/wp\/v2\/pages\/2410\/revisions\/2612"}],"wp:attachment":[{"href":"https:\/\/urlaub-holnis.de\/en\/wp-json\/wp\/v2\/media?parent=2410"}],"curies":[{"name":"wp","href":"https:\/\/api.w.org\/{rel}","templated":true}]}}